{"id":5397,"date":"2025-10-10T08:33:04","date_gmt":"2025-10-10T08:33:04","guid":{"rendered":"https:\/\/www.theatertherapie.org\/research-r-itt-2\/r-itt-research-manual\/"},"modified":"2026-01-28T10:32:21","modified_gmt":"2026-01-28T10:32:21","slug":"r-itt-research-manual","status":"publish","type":"page","link":"https:\/\/www.theatertherapie.org\/en\/research-r-itt-2\/r-itt-research-manual\/","title":{"rendered":"R-ITT Research Manual"},"content":{"rendered":"<div class=\"fusion-fullwidth fullwidth-box fusion-builder-row-1 nonhundred-percent-fullwidth non-hundred-percent-height-scrolling\" style=\"--awb-border-radius-top-left:0px;--awb-border-radius-top-right:0px;--awb-border-radius-bottom-right:0px;--awb-border-radius-bottom-left:0px;--awb-flex-wrap:wrap;\" ><div class=\"fusion-builder-row fusion-row\"><div class=\"fusion-layout-column fusion_builder_column fusion-builder-column-0 fusion_builder_column_1_1 1_1 fusion-one-full fusion-column-first fusion-column-last\" style=\"--awb-bg-size:cover;\"><div class=\"fusion-column-wrapper fusion-flex-column-wrapper-legacy\"><div class=\"fusion-text fusion-text-1\"><h1><img decoding=\"async\" class=\"alignright wp-image-2944 size-medium\" src=\"https:\/\/www.theatertherapie.org\/wp-content\/uploads\/2021\/11\/itt_logo_Nachbau_rgb_Research-300x144.jpg\" alt=\"\" width=\"300\" height=\"144\" srcset=\"https:\/\/www.theatertherapie.org\/wp-content\/uploads\/2021\/11\/itt_logo_Nachbau_rgb_Research-200x96.jpg 200w, https:\/\/www.theatertherapie.org\/wp-content\/uploads\/2021\/11\/itt_logo_Nachbau_rgb_Research-300x144.jpg 300w, https:\/\/www.theatertherapie.org\/wp-content\/uploads\/2021\/11\/itt_logo_Nachbau_rgb_Research-400x192.jpg 400w, https:\/\/www.theatertherapie.org\/wp-content\/uploads\/2021\/11\/itt_logo_Nachbau_rgb_Research-600x288.jpg 600w, https:\/\/www.theatertherapie.org\/wp-content\/uploads\/2021\/11\/itt_logo_Nachbau_rgb_Research-768x369.jpg 768w, https:\/\/www.theatertherapie.org\/wp-content\/uploads\/2021\/11\/itt_logo_Nachbau_rgb_Research-800x384.jpg 800w, https:\/\/www.theatertherapie.org\/wp-content\/uploads\/2021\/11\/itt_logo_Nachbau_rgb_Research-1024x492.jpg 1024w, https:\/\/www.theatertherapie.org\/wp-content\/uploads\/2021\/11\/itt_logo_Nachbau_rgb_Research-1200x576.jpg 1200w, https:\/\/www.theatertherapie.org\/wp-content\/uploads\/2021\/11\/itt_logo_Nachbau_rgb_Research-1536x737.jpg 1536w\" sizes=\"(max-width: 300px) 100vw, 300px\" \/>The R-ITT Research<\/h1>\n<\/p>\n<h1>Manual<\/h1>\n<p>Author: Anke Sch\u00e4fer 30.09.2025<\/p>\n<h1><\/h1>\n<hr \/>\n<h3>Introduction:<\/h3>\n<p><span style=\"color: #000000;\">Every research project begins with a research question and the hypotheses we associate with it. An essential part of this is thorough literature research that ties in well with your own research project. It also makes sense to follow current publications for inspiration for your own research ideas. Practitioners and non-academic researchers usually lack access to the large literature databases available at universities, which can be quite expensive. Nevertheless, there are plenty of ways to search for, find and systematically record relevant literature. The R-ITT guide highlights possibilities for literature research and further research steps, without claiming to be exhaustive.\u00a0<\/span><\/p>\n<h2><img decoding=\"async\" class=\"alignleft wp-image-5419\" src=\"https:\/\/www.theatertherapie.org\/wp-content\/uploads\/2025\/10\/IMG_5729-150x150.jpeg\" alt=\"\" width=\"100\" height=\"108\" srcset=\"https:\/\/www.theatertherapie.org\/wp-content\/uploads\/2025\/10\/IMG_5729-200x216.jpeg 200w, https:\/\/www.theatertherapie.org\/wp-content\/uploads\/2025\/10\/IMG_5729-277x300.jpeg 277w, https:\/\/www.theatertherapie.org\/wp-content\/uploads\/2025\/10\/IMG_5729-400x433.jpeg 400w, https:\/\/www.theatertherapie.org\/wp-content\/uploads\/2025\/10\/IMG_5729.jpeg 449w\" sizes=\"(max-width: 100px) 100vw, 100px\" \/><\/h2>\n<\/p>\n<h2>I. First Steps<\/h2>\n<\/p>\n<h3><\/h3>\n<\/p>\n<h3><\/h3>\n<\/p>\n<h3>I.1 Sign up and create a profile<\/h3>\n<\/p>\n<ul>\n<li>at <a href=\"https:\/\/support.academia.edu\/hc\/en-us\/articles\/34464022751639- Create-an-Academia-edu-account\" target=\"_blank\" rel=\"noopener\">Academia.edu<\/a><\/li>\n<li>at <a href=\"https:\/\/help.researchgate.net\/hc\/en-us\/articles\/14292598334993- Signing-up-for-ResearchGate\" target=\"_blank\" rel=\"noopener\">ResearchGate<\/a><\/li>\n<\/ul>\n<p><span style=\"color: #000000;\">Note to Sign Up in ResearchGate: The R-ITT can be specified as the \u2018affiliated institution\u2019 when you have a membership in the DGfT and\/or are taking part in the ITT training program. To date, however, your own practice email address is usually accepted.\u00a0<\/span><\/p>\n<\/div><div class=\"fusion-text fusion-text-2\"><h2 class=\"western\"><span style=\"color: #000000;\"><img decoding=\"async\" class=\"alignleft wp-image-5417\" src=\"https:\/\/www.theatertherapie.org\/wp-content\/uploads\/2025\/10\/IMG_5728-150x150.jpeg\" alt=\"\" width=\"100\" height=\"96\" srcset=\"https:\/\/www.theatertherapie.org\/wp-content\/uploads\/2025\/10\/IMG_5728-200x192.jpeg 200w, https:\/\/www.theatertherapie.org\/wp-content\/uploads\/2025\/10\/IMG_5728-300x289.jpeg 300w, https:\/\/www.theatertherapie.org\/wp-content\/uploads\/2025\/10\/IMG_5728-400x385.jpeg 400w, https:\/\/www.theatertherapie.org\/wp-content\/uploads\/2025\/10\/IMG_5728.jpeg 452w\" sizes=\"(max-width: 100px) 100vw, 100px\" \/>II. RESEARCH OF LITERATURE<\/span><\/h2>\n<p><span style=\"color: #000000;\">\u00a0<\/span><\/p>\n<h3 class=\"western\"><span style=\"color: #000000;\">II.1 Lists \u00a0and Databases<\/span><\/h3>\n<p>(1)<span style=\"color: #000000;\"><a href=\"https:\/\/www.hfwu.de\/literaturdatenbank\/?%20tx_publications_pi1%5BcurrentPage%5D=38&amp;cHash=9bfad0f43fba25e1cc8de4bead%2053f16d\" target=\"_blank\" rel=\"noopener\">Literaturdatenbank der Hochschule N\u00fcrtingen<\/a>, <\/span><span style=\"color: #000000;\">Department Bachelor Studies Theatertherapie (predominantly based on the literature lists of Dutch dramatherapist Ge Cimmermans; by this it also includes \u2018older\u2019 literature long before the times of the worldwideweb):\u00a0<\/span><\/p>\n<p>(2) <span style=\"color: #000000;\"><a href=\"https:\/\/databank.vaktherapie.nl\/?%20prod_DatabankVaktherapie%5BrefinementList%5D%5Bdiscipline%5D%5B0%5D=%20Dramatherapie\" target=\"_blank\" rel=\"noopener\">Database \u00a0of the Dutch association for Art Therapies FVB <\/a><\/span><span style=\"color: #000000;\">(Federatie voor Vaktherapie Beroepen); here are more than 82 publications in English and Dutch listed, covering the years from 1990 until 2025; literature can be filtered by diagnoses; the databank becomes regularly updated:<\/span><\/p>\n<p>(3) <span style=\"color: #000000;\"><a href=\"https:\/\/www.nadta.org\/resources\" target=\"_blank\" rel=\"noopener\">Database of the NADTA<\/a> <\/span>\u00a0<span style=\"color: #000000;\">North American Drama Therapy Association with additionally a lot of interesting recommendation for books, dissertations and more (literature mainly from the anglophone language area)<\/span><\/p>\n<h3>II.2 Open Access Literature<\/h3>\n<p><img decoding=\"async\" class=\"alignleft wp-image-5415\" src=\"https:\/\/www.theatertherapie.org\/wp-content\/uploads\/2025\/10\/IMG_5727-150x150.jpeg\" alt=\"\" width=\"100\" height=\"80\" srcset=\"https:\/\/www.theatertherapie.org\/wp-content\/uploads\/2025\/10\/IMG_5727-177x142.jpeg 177w, https:\/\/www.theatertherapie.org\/wp-content\/uploads\/2025\/10\/IMG_5727-200x160.jpeg 200w, https:\/\/www.theatertherapie.org\/wp-content\/uploads\/2025\/10\/IMG_5727-300x240.jpeg 300w, https:\/\/www.theatertherapie.org\/wp-content\/uploads\/2025\/10\/IMG_5727-400x320.jpeg 400w, https:\/\/www.theatertherapie.org\/wp-content\/uploads\/2025\/10\/IMG_5727.jpeg 577w\" sizes=\"(max-width: 100px) 100vw, 100px\" \/><\/p>\n<p><span style=\"color: #000000;\">\u00a0<\/span><\/p>\n<p class=\"western\"><strong>Journals<\/strong> (partly Open Access)<\/p>\n<p>&nbsp;<\/p>\n<ul>\n<li><b><b><a href=\"https:\/\/www.egms.de\/dynamic\/en\/journals\/jat\/index.htm\" target=\"_blank\" rel=\"noopener\">JAT &#8211; Journal of Arts Therapies <\/a><\/b><\/b><span style=\"color: #000000;\">(Journal of the WFKT, the German Scientific Association for Arts Therapies: Wissenschaftliche Fachgesellschaft f\u00fcr K\u00fcnstlerische Therapien), located at the renowned GMT (German Medical Science) Journal; editors: Prof. Dr. Sabine Koch (a.o.):<\/span><\/li>\n<li><a href=\"https:\/\/ www.intellectbooks.com\/dramatherapy\" target=\"_blank\" rel=\"noopener\"><b>Dramatherapy Review <\/b><\/a>(Journal der BADth &#8211; British Association for Dramatherapy), Redaktion: Silvio Pitruzella, Susana Pendzik<\/li>\n<li><a href=\"https:\/\/www.intellectbooks.com\/drama-therapy-review\" target=\"_blank\" rel=\"noopener\"><b>Drama Therapy Review <\/b><\/a>(Journal der North American Drama Therapy Association), angesiedelt bei IntellectBooks, Redaktion: Nisha Sajnani, Christine Major, Angelle Cook: https:\/\/www.intellectbooks.com\/drama-therapy-review<\/li>\n<\/ul>\n<h3>II.3 Google Scholar<\/h3>\n<p><span style=\"color: #000000;\">Use search terms that are relevant to the research project or your own research: This is also a good way to prac5se refining your own research ques5on or topic using the right search terms; here are the results of a general search for <\/span>\u201c<a href=\"https:\/\/scholar.google.com\/scholar? hl=de&amp;as_sdt=0,5&amp;q=dramatherapy+drama+therapy+theatertherapie&amp;btnG=\" target=\"_blank\" rel=\"noopener\">dramatherapy dramatherapie theatertherapie\u201d<\/a>:<\/p>\n<\/div><div class=\"fusion-text fusion-text-3\"><h2>III Zur REFLEKTION der Frage nach der \u201cEVIDENZ\u201d<\/h2>\n<h3><img decoding=\"async\" class=\"alignleft wp-image-5413\" src=\"https:\/\/www.theatertherapie.org\/wp-content\/uploads\/2025\/10\/IMG_5726-150x150.jpeg\" alt=\"\" width=\"77\" height=\"100\" srcset=\"https:\/\/www.theatertherapie.org\/wp-content\/uploads\/2025\/10\/IMG_5726-200x261.jpeg 200w, https:\/\/www.theatertherapie.org\/wp-content\/uploads\/2025\/10\/IMG_5726-230x300.jpeg 230w, https:\/\/www.theatertherapie.org\/wp-content\/uploads\/2025\/10\/IMG_5726-400x523.jpeg 400w, https:\/\/www.theatertherapie.org\/wp-content\/uploads\/2025\/10\/IMG_5726.jpeg 420w\" sizes=\"(max-width: 77px) 100vw, 77px\" \/><\/h3>\n<h3>III.1 Aktuelle SYSTEMATIC REVIEWS und META-ANALYSEN (Auswahl):<\/h3>\n<p>In \u201cReviews\u201d und \u201cSystematic Reviews\u201d k\u00f6nnen in der Literaturliste den Kritierien der \u201cEvidenzbasiertheit\u201d gen\u00fcgenden Publikationen gefunden werden:<\/p>\n<ul>\n<li>Feniger-Schaal, Rinat and Orkibi, Hod (2019), \u2018Integrative systematic review of drama therapy intervention research\u2019, Psychology of Aesthetics, Creativity, and the Arts, 14:1, pp. 68\u201380, https:\/\/doi.org\/10.1037\/aca0000257.<\/li>\n<li>Nisha Sajnani, Hod Orkibi, Martina Witte (2023): Effectiveness of Drama based Therapies on Mental Health Outcomes. A Systematic Review. <a href=\"https:\/\/databank.vaktherapie.nl\/bekijk\/500664\/effectiveness-of-drama-basedtherapies- on-mental-health-outcomes-a-systematic-review-and-meta-analysis-ofcontrolled- studies\" target=\"_blank\" rel=\"noopener\">Download als PDF<\/a><\/li>\n<\/ul>\n<h3><img decoding=\"async\" class=\"alignleft wp-image-5411\" src=\"https:\/\/www.theatertherapie.org\/wp-content\/uploads\/2025\/10\/IMG_5725-150x150.jpeg\" alt=\"\" width=\"117\" height=\"75\" srcset=\"https:\/\/www.theatertherapie.org\/wp-content\/uploads\/2025\/10\/IMG_5725-200x128.jpeg 200w, https:\/\/www.theatertherapie.org\/wp-content\/uploads\/2025\/10\/IMG_5725-300x192.jpeg 300w, https:\/\/www.theatertherapie.org\/wp-content\/uploads\/2025\/10\/IMG_5725-320x202.jpeg 320w, https:\/\/www.theatertherapie.org\/wp-content\/uploads\/2025\/10\/IMG_5725-400x256.jpeg 400w, https:\/\/www.theatertherapie.org\/wp-content\/uploads\/2025\/10\/IMG_5725-460x295.jpeg 460w, https:\/\/www.theatertherapie.org\/wp-content\/uploads\/2025\/10\/IMG_5725-600x385.jpeg 600w, https:\/\/www.theatertherapie.org\/wp-content\/uploads\/2025\/10\/IMG_5725.jpeg 616w\" sizes=\"(max-width: 117px) 100vw, 117px\" \/><\/h3>\n<h3><\/h3>\n<h3>III.2 WESENTLICHE THESEN und PARADIGMEN zur Reflektion und (Neu-)Positionierung von Evidenz in der Theatertherapie<\/h3>\n<ul>\n<li>Pendzik, Susana (2025): Keynote Speech at the EFD and WAfDT in Riga am 2. Mai 2025; download als PDF (folgt).<\/li>\n<li>Pendzik, Susana (1988): &#8216;Drama Therapy as a form of Modern Shamanism&#8217;, The Journal for Transpersonal Psychology, 20:1, pp. 81\u201391. Download PDF bei Academia: <a href=\"https:\/\/www.academia.edu\/27626027\" target=\"_blank\" rel=\"noopener\">https:\/\/www.academia.edu\/27626027<\/a><\/li>\n<li>Sajnani, Nisha (2013), &#8216;The Body Politic: The relevance of an intersectional framework for therapeutic performance research in drama therapy&#8217;, The Arts in Psychotherapy 40:4, pp. 382\u2013385, https:\/\/doi.org\/10.1016\/J.AIP.2013.05.001. Download PDF bei Academia: <a href=\"https:\/\/www.academia.edu\/23887476\/\" target=\"_blank\" rel=\"noopener\">https:\/\/www.academia.edu\/23887476\/<\/a><\/li>\n<li>Sch\u00e4fer, Anke (2025), \u2018Poetic evidence: Challenging the notion of empirical evidence in dramatherapy\u2019, Dramatherapy, 46:1, pp. 99\u2013114, <a href=\"https:\/\/doi. org\/10.1386\/dj_00034_1\" target=\"_blank\" rel=\"noopener\">https:\/\/doi. org\/10.1386\/dj_00034_1<\/a><\/li>\n<\/ul>\n<h3><img decoding=\"async\" class=\"alignleft wp-image-5409\" src=\"https:\/\/www.theatertherapie.org\/wp-content\/uploads\/2025\/10\/IMG_5724-150x150.jpeg\" alt=\"\" width=\"100\" height=\"93\" srcset=\"https:\/\/www.theatertherapie.org\/wp-content\/uploads\/2025\/10\/IMG_5724-200x186.jpeg 200w, https:\/\/www.theatertherapie.org\/wp-content\/uploads\/2025\/10\/IMG_5724-300x278.jpeg 300w, https:\/\/www.theatertherapie.org\/wp-content\/uploads\/2025\/10\/IMG_5724-400x371.jpeg 400w, https:\/\/www.theatertherapie.org\/wp-content\/uploads\/2025\/10\/IMG_5724.jpeg 459w\" sizes=\"(max-width: 100px) 100vw, 100px\" \/>III.3 B\u00dcCHER EMPFEHLUNGEN (teils open access online)<\/h3>\n<p>Literatur-Empfehlungen aus Drama Therapy und Psychodrama, die Forschung inspirieren und konkrete Beispiele und Methoden hierf\u00fcr nennen:<\/p>\n<ul>\n<li>David Reed Johnson, Susana Pendzik, Stephen Snow (Eds.) (2011): Assessment in Drama Therapy, Charles C. Thomas Publisher. \u00dcberblick Kapitel: <a href=\"https:\/\/ www.ccthomas.com\/details.cfm?P_ISBN13=9780398086848\" target=\"_blank\" rel=\"noopener\">https:\/\/ www.ccthomas.com\/details.cfm?P_ISBN13=9780398086848<\/a><\/li>\n<li>Hod Orkibi (ed.) (2025): Psychodrama: A Creative Method to Survive and Thrive. Cambridge: Cambridge University Press. Open access: <a href=\"https:\/\/www.cambridge.org\/core\/elements\/psychodrama\/ B56599E1E919B6B112B2833A2E2A7C1F\" target=\"_blank\" rel=\"noopener\">https:\/\/www.cambridge.org\/core\/elements\/psychodrama\/ B56599E1E919B6B112B2833A2E2A7C1F<\/a><br \/>\n&#x1f3a5; You\u2019re welcome to view the video abstract here: <a href=\"https:\/\/vimeo.com\/1088980155\" target=\"_blank\" rel=\"noopener\">https:\/\/vimeo.com\/1088980155<\/a><\/li>\n<\/ul>\n<h3>III.4 LITERATUR VERWALTUNGSPROGRAMME im Vergleich<\/h3>\n<p><a href=\"https:\/\/www.ub.tum.de\/aktuelles\/literaturverwaltungsprogramme-im-vergleich\" target=\"_blank\" rel=\"noopener\">https:\/\/www.ub.tum.de\/aktuelles\/literaturverwaltungsprogramme-im-vergleich<\/a><\/p>\n<p>Ein sehr guter und n\u00fctzlicher Vergleich findet sich bei der Universit\u00e4t Dresden: <a href=\"https:\/\/www.theatertherapie.org\/wp-content\/uploads\/2026\/01\/Literarturverwaltungsprogramme_im_Ueberblick.pdf\" target=\"_blank\" rel=\"noopener\">PDF<\/a> Literaturverwaltungsprogramme<\/p>\n<h3>III.5 RICHTIG ZITIEREN<\/h3>\n<p>(1) Richtlinien bzw. \u201cHouse Style Guides\u201d der jeweiligen Herausgeber oder Hochschulen genau sich anschauen, zur Hand haben: welche Zitierweise ist erw\u00fcnscht.<\/p>\n<p>(2) Siehe auch die von der HAN -Hogeschool Nijmwegen online erstellte Orientierung zu \u201cciting sources\u201d: <a href=\"https:\/\/auteursrechten.nl\/en\/citing-sources\/apa-guidelines\/\" target=\"_blank\" rel=\"noopener\">https:\/\/auteursrechten.nl\/en\/citing-sources\/apa-guidelines\/<\/a><br \/>\nAPA-team um Arjan Doolaar an der HAN in Nijmwegen: <a href=\"http:\/\/theapateam.blogspot.com\/\" target=\"_blank\" rel=\"noopener\">http:\/\/theapateam.blogspot.com\/<\/a><\/p>\n<\/div><div class=\"fusion-text fusion-text-4\"><h2><img decoding=\"async\" class=\"wp-image-5407 alignleft\" src=\"https:\/\/www.theatertherapie.org\/wp-content\/uploads\/2025\/10\/IMG_5723-150x150.jpeg\" alt=\"\" width=\"100\" height=\"184\" srcset=\"https:\/\/www.theatertherapie.org\/wp-content\/uploads\/2025\/10\/IMG_5723-163x300.jpeg 163w, https:\/\/www.theatertherapie.org\/wp-content\/uploads\/2025\/10\/IMG_5723-200x369.jpeg 200w, https:\/\/www.theatertherapie.org\/wp-content\/uploads\/2025\/10\/IMG_5723-400x737.jpeg 400w, https:\/\/www.theatertherapie.org\/wp-content\/uploads\/2025\/10\/IMG_5723.jpeg 420w\" sizes=\"(max-width: 100px) 100vw, 100px\" \/>IV MEASURING &amp; ANALYSING<\/h2>\n<p><span style=\"color: #000000;\">Measuring instruments and validated tests: Overview with some freely downloadable measuring instruments, validated tests for various diagnoses and effective factors in the field of psychiatry and mental health care, provided in the Netherlands: <\/span><a href=\"https:\/\/www.tijdschriftvoorpsychiatrie.nl\/nl\/tijdschrift\/meetinstrumenten\" target=\"_blank\" rel=\"noopener\">https:\/\/www.tijdschriftvoorpsychiatrie.nl\/nl\/tijdschrift\/meetinstrumenten<\/a><\/p>\n<ul>\n<li>Zeitschrift f\u00fcr Psychiatrie (NL): <a href=\"https:\/\/www.tijdschriftvoorpsychiatrie.nl\/nl\/ tijdschrift\/meetinstrumenten\" target=\"_blank\" rel=\"noopener\">https:\/\/www.tijdschriftvoorpsychiatrie.nl\/nl\/ tijdschrift\/meetinstrumenten<\/a><\/li>\n<li>GGZ- Geestelijke gezondheidszorg Nederland: <a href=\"https:\/\/libguides.bibliotheek.zuyd.nl\/ ggz\/meetinstrumenten\" target=\"_blank\" rel=\"noopener\">https:\/\/libguides.bibliotheek.zuyd.nl\/ ggz\/meetinstrumenten<\/a><\/li>\n<li>Traumacenter ARQ (NL), Fragenliste f\u00fcr Professionals zu Trauer und Verlust: <a href=\"https:\/\/arq.org\/projecten\/vragenlijsten-voor-professionals-rouw-en-verlies\" target=\"_blank\" rel=\"noopener\">https:\/\/arq.org\/projecten\/vragenlijsten-voor-professionals-rouw-en-verlies<\/a><\/li>\n<\/ul>\n<p><span style=\"color: #000000;\">Information and overview of (also for drama therapists interesting)\u00a0<b>Art Therapy Assessment and Ratinginstrumenten<\/b>:\u00a0<\/span><\/p>\n<ul>\n<li>Art Therapy Assessment and rating instruments: <a href=\"https:\/\/www.academia.edu\/5314497\/ Art_therapy_assessments_and_rating_instruments_Do_they_measure_up?email_work_card=view-paper\" target=\"_blank\" rel=\"noopener\">https:\/\/www.academia.edu\/5314497\/ Art_therapy_assessments_and_rating_instruments_Do_they_measure_up? email_work_card=view-paper<\/a><\/li>\n<li>F\u00fcr Bild- und Videoanalyse &#8211; siehe Atlas.ti: <a href=\"https:\/\/atlasti.com\/de\/guides\/leitfaden-zur-qualitativen-forschungteil- 2\/bilder-audio-video\" target=\"_blank\" rel=\"noopener\">https:\/\/atlasti.com\/de\/guides\/leitfaden-zur-qualitativen-forschungteil- 2\/bilder-audio-video<\/a><\/li>\n<li>Datenanalyse Alternative siehe Maxqda: <a href=\"https:\/\/www.maxqda.com\/products\/ maxqda-analytics-pro\" target=\"_blank\" rel=\"noopener\">https:\/\/www.maxqda.com\/products\/ maxqda-analytics-pro<\/a><\/li>\n<li>Interview-Analysen: Kuckartz U. WinMAX 97. Scientific text analysis for the social sciences. Berlin, Germany: BSS (B\u00fcro f\u00fcr Softwareentwicklung und Sozialforschung); 1998.<\/li>\n<li>Assessment und Ratinginstrumenten aus der Kunsttherapie: <a href=\"https:\/\/www.academia.edu\/5314497\/ Art_therapy_assessments_and_rating_instruments_Do_they_measure_up? email_work_card=view-paper\" target=\"_blank\" rel=\"noopener\">https:\/\/www.academia.edu\/5314497\/ Art_therapy_assessments_and_rating_instruments_Do_they_measure_up? email_work_card=view-paper<\/a><\/li>\n<\/ul>\n<h2>V TOOLS for COLLABORATION<\/h2>\n<p><strong><span style=\"color: #000000;\">MIRO-Board \u00a0for interactive sharing:<\/span><\/strong><\/p>\n<p><a href=\"https:\/\/miro.com\/app\/board\/uXjVPMHlyck=\/?share_link_id=674671302324\" target=\"_blank\" rel=\"noopener\">MIRO-Board<\/a><\/p>\n<ul>\n<li>a sort of giant board, on which you can write or stick notes simultaneously or at different times.<\/li>\n<li>On the very left side is a purple\u201eTrial-and-error field\u201c.<\/li>\n<li>Feedback to the notes and comments also possible by e-mail<\/li>\n<li>The latest version is backed up by the board administrator in case someone accidentally deletes everything.<\/li>\n<\/ul>\n<\/div><div class=\"fusion-text fusion-text-5\"><h2><img decoding=\"async\" class=\"alignleft wp-image-5405\" src=\"https:\/\/www.theatertherapie.org\/wp-content\/uploads\/2025\/10\/IMG_5722-150x150.jpeg\" alt=\"\" width=\"60\" height=\"150\" srcset=\"https:\/\/www.theatertherapie.org\/wp-content\/uploads\/2025\/10\/IMG_5722-120x300.jpeg 120w, https:\/\/www.theatertherapie.org\/wp-content\/uploads\/2025\/10\/IMG_5722-200x500.jpeg 200w, https:\/\/www.theatertherapie.org\/wp-content\/uploads\/2025\/10\/IMG_5722.jpeg 375w\" sizes=\"(max-width: 60px) 100vw, 60px\" \/>VI PUBLISHING<\/h2>\n<p><span style=\"color: #000000;\">Many scientific journals charge several hundred or even over a thousand euros for submitting an article. Below is a list of only those journals that are most relevant to us and that accept your article without remuneration or for a small fee (as of 8\/2025; no liability, please check the current status yourself)\u00a0<\/span><\/p>\n<p>0 Euro<\/p>\n<ul>\n<li>Dramatherapy Review, open access (seit 2024), britische Edition, IntellectBooks<\/li>\n<li>Drama Therapy Review, open access (seit 2025), amerikanische Edition, IntellectBooks<\/li>\n<li>The Arts in Psychotherapy, https:\/\/www.sciencedirect.com\/journal\/the-arts-inpsychotherapy\/ publish\/guide-for-authors . Wird open access!<\/li>\n<\/ul>\n<p>250 \u20ac bzw. reduzierter Tarif m\u00f6glich f\u00fcr Studierende; Kontakt: Prof. Sabine Koch<\/p>\n<ul>\n<li>JAT &#8211; Journal for Arts Therapies, das Journal der WFKT &#8211; Wissenschaftlichen Fachgesellschaft f\u00fcr K\u00fcnstlerische Therapien<\/li>\n<\/ul>\n<h2><img decoding=\"async\" class=\"alignleft wp-image-5403\" src=\"https:\/\/www.theatertherapie.org\/wp-content\/uploads\/2025\/10\/IMG_5721-150x150.jpeg\" alt=\"\" width=\"100\" height=\"116\" srcset=\"https:\/\/www.theatertherapie.org\/wp-content\/uploads\/2025\/10\/IMG_5721-200x232.jpeg 200w, https:\/\/www.theatertherapie.org\/wp-content\/uploads\/2025\/10\/IMG_5721-258x300.jpeg 258w, https:\/\/www.theatertherapie.org\/wp-content\/uploads\/2025\/10\/IMG_5721-400x465.jpeg 400w, https:\/\/www.theatertherapie.org\/wp-content\/uploads\/2025\/10\/IMG_5721.jpeg 483w\" sizes=\"(max-width: 100px) 100vw, 100px\" \/>VII WHY CONDUCT RESEARCH THIS OR THAT WAY?<\/h2>\n<p><span style=\"color: #000000;\">Suggestions for raising awareness of colonialism, discrimination, misogyny, racism and anti-Semitism when choosing a research method\u00a0<\/span><\/p>\n<p><strong><span style=\"color: #000000;\">Books (Selection)<\/span><\/strong><\/p>\n<p>&#8211; Emmanuel Chukwudi Eze (2008): <em>On Reason: Rationality in a World of Cultural Conflict and Racism.<\/em> Durham: Duke University Press.<\/p>\n<p>&#8211; Glissant, \u00c9douard ([2009] 2021), <em>Philosophie der Weltbeziehung: Poesie der Weite<\/em>, Heidelberg: Wunderhorn Verlag.<\/p>\n<p>&#8211; Mertens, Donna M. (2009), <em>Transformative Research and Evaluation,<\/em> New York: Guilford.<\/p>\n<p>&#8211; Tsing, Anna L. (2015), <em>The Mushroom at the End of the World, on the Possibility of Life in Capitalist Ruins,<\/em> Princeton, NJ: Princeton University Press.<\/p>\n<p>&#8211; Arendt, Hannah (2019): <em>Vor Antisemitismus ist man nur noch auf dem Monde sicher.<\/em> Beitr\u00e4ge f\u00fcr die deutsch-j\u00fcdische Emigrantenzeitung \u201eAufbau\u201c 1941-1945. M\u00fcnchen: Piper-Verlag. Leseprobe: https:\/\/www.piper.de\/buecher\/vor-antisemitismus-ist-man-nur-noch-aufdem- monde-sicher-isbn-978-3-492-31509-8<\/p>\n<p>&#8211; Pascal Bruckner (2020): <em>Der eingebildete Rassismus.<\/em> Aus dem Franz\u00f6sischen von A. Carstiuc, Mark Feldon und Christoph Hesse. Berlin: Edition Tiamat, Verlag Klaus Bittermann. Leseprobe: https:\/\/edition-tiamat.de\/media\/pages\/books\/der-eingebildete-rassismus\/ a5061af976-1693845002\/bruckner-1-25.pdf<\/p>\n<p>&#8211; Peter Ullrich, Sina Arnold, Anna Danilina, Klaus Holz, Uffa Jensen, Ingolf Seidel und Jan Weyand (Hrg.) (2024): <em>Was ist Antisemitismus? Begriffe und Definitionen von Judenfeindschaft<\/em>. Studien zu Ressentiments in Geschichte und Gegenwart, Bd. 8, Zentrum f\u00fcr Antisemitismusforschung (Hg.). G\u00f6ttingen: Wallstein-Verlag. Leseprobe: https:\/\/www.wallstein-verlag.de\/5070_Leseprobe.pdf<\/p>\n<p>Online Zeitungsartikel<\/p>\n<p>&#8211; D\u00f6rthe Engelke : <em>Gef\u00e4hrdete Diskursr\u00e4ume.<\/em> Berlin: TAZ. https:\/\/taz.de\/ Antisemitismus-Resolution\/!6062292\/ .<\/p>\n<\/div><div class=\"fusion-text fusion-text-6\"><p>************************************************************************************************************<\/p>\n<p><em>Author R-ITT Research Manual: <\/em><\/p>\n<p>Anke Sch\u00e4fer (Dramatherapist &amp; Supervisor, reg. DGfT)<br \/>info@theatertherapeutin.de<br \/>R-ITT Research Institute of Theatre Therapy<br \/>schaefer@theatertherapie.org<\/p>\n<p><strong><span style=\"color: #ff00ff;\">My mission in life is not merely to survive, but to thrive; and to do so with passion, compassion, some humor, and some style.<\/span><\/strong><br \/>(Maya Angelou)<\/p>\n<p><strong><span style=\"color: #ff00ff;\">The heart is the center because it is the only one that gives us a sound.<\/span> <\/strong><br \/>(Mar\u00eda Zambrano)<\/p>\n<p><strong><span style=\"color: #ff00ff;\">Imagination is the discovering faculty, pre-eminently. It is that which penetrates into the unseen world around us, the worlds of science.<\/span><\/strong><br \/>(Ada Lovelace, 1840)<\/p>\n<\/div><div class=\"fusion-clearfix\"><\/div><\/div><\/div><\/div><\/div>\n","protected":false},"excerpt":{"rendered":"","protected":false},"author":3,"featured_media":0,"parent":5237,"menu_order":6,"comment_status":"closed","ping_status":"closed","template":"side-navigation.php","meta":{"footnotes":""},"class_list":["post-5397","page","type-page","status-publish","hentry"],"_links":{"self":[{"href":"https:\/\/www.theatertherapie.org\/en\/wp-json\/wp\/v2\/pages\/5397","targetHints":{"allow":["GET"]}}],"collection":[{"href":"https:\/\/www.theatertherapie.org\/en\/wp-json\/wp\/v2\/pages"}],"about":[{"href":"https:\/\/www.theatertherapie.org\/en\/wp-json\/wp\/v2\/types\/page"}],"author":[{"embeddable":true,"href":"https:\/\/www.theatertherapie.org\/en\/wp-json\/wp\/v2\/users\/3"}],"replies":[{"embeddable":true,"href":"https:\/\/www.theatertherapie.org\/en\/wp-json\/wp\/v2\/comments?post=5397"}],"version-history":[{"count":16,"href":"https:\/\/www.theatertherapie.org\/en\/wp-json\/wp\/v2\/pages\/5397\/revisions"}],"predecessor-version":[{"id":5630,"href":"https:\/\/www.theatertherapie.org\/en\/wp-json\/wp\/v2\/pages\/5397\/revisions\/5630"}],"up":[{"embeddable":true,"href":"https:\/\/www.theatertherapie.org\/en\/wp-json\/wp\/v2\/pages\/5237"}],"wp:attachment":[{"href":"https:\/\/www.theatertherapie.org\/en\/wp-json\/wp\/v2\/media?parent=5397"}],"curies":[{"name":"wp","href":"https:\/\/api.w.org\/{rel}","templated":true}]}}